{"id":3054,"date":"2020-03-25T18:43:52","date_gmt":"2020-03-25T22:43:52","guid":{"rendered":"https:\/\/store-ca.adventurelights.com\/product\/led-guardian-tag-it-avec-attache-mousqueton\/"},"modified":"2020-03-25T18:43:52","modified_gmt":"2020-03-25T22:43:52","slug":"led-guardian-tag-it-avec-attache-mousqueton","status":"publish","type":"product","link":"https:\/\/store-ca.adventurelights.com\/fr\/produit\/led-guardian-tag-it-avec-attache-mousqueton\/","title":{"rendered":"LED Guardian\u2122 Tag-It avec attache mousqueton"},"content":{"rendered":"<p>La base du mousqueton sur la lumi\u00e8re de s\u00e9curit\u00e9 Guardian\u2122 Tag-IT permet de l&rsquo;attacher facilement et commod\u00e9ment \u00e0 une vari\u00e9t\u00e9 de surfaces. \u00c9tanche, r\u00e9sistante aux chocs et omnidirectionnelle, cette lumi\u00e8re peut \u00eatre port\u00e9e sur vous pour maintenir la visibilit\u00e9 lors des aventures en plein air dans presque toutes les situations. Gr\u00e2ce \u00e0 la technologie brevet\u00e9e de commutation de programme par polarit\u00e9 inverse (Reverse Polarity Program Switching\u2122), la fonction de la lumi\u00e8re peut \u00eatre modifi\u00e9e entre les modes clignotant et continu en retournant simplement la batterie.<\/p>\n<p>Utilisez-la pour le camping, la course \u00e0 pied, le v\u00e9lo, le wakeboard, le bateau, le surf, le ski, la chasse, ou attachez-la \u00e0 vos animaux de compagnie lorsque vous les promenez la nuit. La construction durable et l\u00e9g\u00e8re du Guardian\u2122 Tag-IT garantit qu&rsquo;il sera l\u00e0 lorsque vous en aurez besoin, et restera discret lorsque vous n&rsquo;en aurez pas besoin.<\/p>\n<p>Disponible en cinq couleurs : Bleu, Vert, Rouge, Blanc et Jaune.<\/p>\n","protected":false},"excerpt":{"rendered":"<ul>\n<li>La base de mousqueton* s&rsquo;attache en toute s\u00e9curit\u00e9 \u00e0 une vari\u00e9t\u00e9 de surfaces.<\/li>\n<li>Passez du mode clignotant au mode continu en retournant simplement la batterie.<\/li>\n<li>Visible dans toutes les directions (omnidirectionnelle).<\/li>\n<li>Extr\u00eamement durable, r\u00e9sistant aux temp\u00e9ratures extr\u00e8mes et \u00e9tanche.<\/li>\n<\/ul>\n<p><em>*La base de mousqueton n&rsquo;est pas adapt\u00e9e pour un support d&rsquo;escalade.<\/em><\/p>\n","protected":false},"featured_media":2730,"comment_status":"open","ping_status":"closed","template":"","meta":[],"product_brand":[],"product_cat":[190,188,189,187],"product_tag":[],"class_list":{"0":"post-3054","1":"product","2":"type-product","3":"status-publish","4":"has-post-thumbnail","6":"product_cat-animaux-domestiques","7":"product_cat-industriel","8":"product_cat-sports-dexterieur","9":"product_cat-tous-les-produits","10":"product_shipping_class-guardian-et-trident","12":"first","13":"instock","14":"taxable","15":"shipping-taxable","16":"purchasable","17":"product-type-variable","18":"has-default-attributes"},"_links":{"self":[{"href":"https:\/\/store-ca.adventurelights.com\/fr\/wp-json\/wp\/v2\/product\/3054","targetHints":{"allow":["GET"]}}],"collection":[{"href":"https:\/\/store-ca.adventurelights.com\/fr\/wp-json\/wp\/v2\/product"}],"about":[{"href":"https:\/\/store-ca.adventurelights.com\/fr\/wp-json\/wp\/v2\/types\/product"}],"replies":[{"embeddable":true,"href":"https:\/\/store-ca.adventurelights.com\/fr\/wp-json\/wp\/v2\/comments?post=3054"}],"wp:featuredmedia":[{"embeddable":true,"href":"https:\/\/store-ca.adventurelights.com\/fr\/wp-json\/wp\/v2\/media\/2730"}],"wp:attachment":[{"href":"https:\/\/store-ca.adventurelights.com\/fr\/wp-json\/wp\/v2\/media?parent=3054"}],"wp:term":[{"taxonomy":"product_brand","embeddable":true,"href":"https:\/\/store-ca.adventurelights.com\/fr\/wp-json\/wp\/v2\/product_brand?post=3054"},{"taxonomy":"product_cat","embeddable":true,"href":"https:\/\/store-ca.adventurelights.com\/fr\/wp-json\/wp\/v2\/product_cat?post=3054"},{"taxonomy":"product_tag","embeddable":true,"href":"https:\/\/store-ca.adventurelights.com\/fr\/wp-json\/wp\/v2\/product_tag?post=3054"}],"curies":[{"name":"wp","href":"https:\/\/api.w.org\/{rel}","templated":true}]}}