{"id":2932,"date":"2020-03-18T17:49:59","date_gmt":"2020-03-18T21:49:59","guid":{"rendered":"https:\/\/store-ca.adventurelights.com\/a-propos\/"},"modified":"2024-02-14T18:18:43","modified_gmt":"2024-02-14T23:18:43","slug":"a-propos","status":"publish","type":"page","link":"https:\/\/store-ca.adventurelights.com\/fr\/a-propos\/","title":{"rendered":"\u00c0 propos"},"content":{"rendered":"\t\t<div data-elementor-type=\"wp-page\" data-elementor-id=\"2932\" class=\"elementor elementor-2932 elementor-30\" data-elementor-post-type=\"page\">\n\t\t\t\t\t\t<section class=\"elementor-section elementor-top-section elementor-element elementor-element-2fad6960 elementor-section-content-middle elementor-section-boxed elementor-section-height-default elementor-section-height-default\" data-id=\"2fad6960\" data-element_type=\"section\">\n\t\t\t\t\t\t<div class=\"elementor-container elementor-column-gap-no\">\n\t\t\t\t\t<div class=\"elementor-column elementor-col-100 elementor-top-column elementor-element elementor-element-1f696ce9\" data-id=\"1f696ce9\" data-element_type=\"column\">\n\t\t\t<div class=\"elementor-widget-wrap elementor-element-populated\">\n\t\t\t\t\t\t<div class=\"elementor-element elementor-element-c1c7218 elementor-widget elementor-widget-heading\" data-id=\"c1c7218\" data-element_type=\"widget\" data-widget_type=\"heading.default\">\n\t\t\t\t\t<h3 class=\"elementor-heading-title elementor-size-default\">Qui nous sommes<\/h3>\t\t\t\t<\/div>\n\t\t\t\t<div class=\"elementor-element elementor-element-269a7e07 elementor-widget elementor-widget-text-editor\" data-id=\"269a7e07\" data-element_type=\"widget\" data-widget_type=\"text-editor.default\">\n\t\t\t\t\t\t\t\t\t<p>Adventure Lights Inc. est une entreprise canadienne dont les produits sont reconnus pour leur durabilit\u00e9 extr\u00eame et leurs performances exceptionnelles.<\/p>\n\t\t\t\t\t\t\t\t<\/div>\n\t\t\t\t<div class=\"elementor-element elementor-element-70ba3492 elementor-widget elementor-widget-text-editor\" data-id=\"70ba3492\" data-element_type=\"widget\" data-widget_type=\"text-editor.default\">\n\t\t\t\t\t\t\t\t\t<p>\u00ab\u00a0Des produits extr\u00eames pour des conditions extr\u00eames\u00ae\u00a0\u00bb n&rsquo;est pas seulement notre marque de commerce, c&rsquo;est \u00e9galement partie int\u00e9grante de notre d\u00e9claration de mission : cr\u00e9er des produits polyvalents et uniques sur lesquels on peut compter pour offrir des performances exceptionnelles.<\/p>\n<p>Nos bureaux ex\u00e9cutifs, d&rsquo;ing\u00e9nierie et de vente sont situ\u00e9s \u00e0 Beaconsfield, tandis que la production, y compris les technologies de montage en surface et de moulage, se trouve \u00e0 Montr\u00e9al.<\/p>\n\t\t\t\t\t\t\t\t<\/div>\n\t\t\t\t<div class=\"elementor-element elementor-element-5b57e2e elementor-widget elementor-widget-text-editor\" data-id=\"5b57e2e\" data-element_type=\"widget\" data-widget_type=\"text-editor.default\">\n\t\t\t\t\t\t\t\t\t<p>Le personnel d&rsquo;Adventure Lights est compos\u00e9 d&rsquo;experts en \u00e9clairage portable, en conception de produits, en ing\u00e9nierie \u00e9lectronique et m\u00e9canique, en moulage et en fabrication. De plus, notre \u00e9quipe comprend du personnel d&rsquo;affaires sp\u00e9cialis\u00e9 en finance et en marketing.<\/p>\n<p>Vous avez des questions? N&rsquo;h\u00e9sitez pas \u00e0 nous <a href=\"https:\/\/store-ca.adventurelights.com\/fr\/contact\/\">Contacter<\/a>!<\/p>\n\t\t\t\t\t\t\t\t<\/div>\n\t\t\t\t\t<\/div>\n\t\t<\/div>\n\t\t\t\t\t<\/div>\n\t\t<\/section>\n\t\t\t\t<\/div>\n\t\t","protected":false},"excerpt":{"rendered":"<p>Qui nous sommes Adventure Lights Inc. est une entreprise canadienne dont les produits sont reconnus pour leur durabilit\u00e9 extr\u00eame et leurs performances exceptionnelles. \u00ab\u00a0Des produits extr\u00eames pour des conditions extr\u00eames\u00ae\u00a0\u00bb n&rsquo;est pas seulement notre marque de commerce, c&rsquo;est \u00e9galement partie int\u00e9grante de notre d\u00e9claration de mission : cr\u00e9er des produits polyvalents et uniques sur lesquels [&hellip;]<\/p>\n","protected":false},"author":1,"featured_media":0,"parent":0,"menu_order":0,"comment_status":"closed","ping_status":"closed","template":"elementor_header_footer","meta":{"footnotes":""},"class_list":["post-2932","page","type-page","status-publish","hentry"],"_links":{"self":[{"href":"https:\/\/store-ca.adventurelights.com\/fr\/wp-json\/wp\/v2\/pages\/2932","targetHints":{"allow":["GET"]}}],"collection":[{"href":"https:\/\/store-ca.adventurelights.com\/fr\/wp-json\/wp\/v2\/pages"}],"about":[{"href":"https:\/\/store-ca.adventurelights.com\/fr\/wp-json\/wp\/v2\/types\/page"}],"author":[{"embeddable":true,"href":"https:\/\/store-ca.adventurelights.com\/fr\/wp-json\/wp\/v2\/users\/1"}],"replies":[{"embeddable":true,"href":"https:\/\/store-ca.adventurelights.com\/fr\/wp-json\/wp\/v2\/comments?post=2932"}],"version-history":[{"count":5,"href":"https:\/\/store-ca.adventurelights.com\/fr\/wp-json\/wp\/v2\/pages\/2932\/revisions"}],"predecessor-version":[{"id":3035,"href":"https:\/\/store-ca.adventurelights.com\/fr\/wp-json\/wp\/v2\/pages\/2932\/revisions\/3035"}],"wp:attachment":[{"href":"https:\/\/store-ca.adventurelights.com\/fr\/wp-json\/wp\/v2\/media?parent=2932"}],"curies":[{"name":"wp","href":"https:\/\/api.w.org\/{rel}","templated":true}]}}